{"id":78,"date":"2017-12-12T11:24:21","date_gmt":"2017-12-12T15:24:21","guid":{"rendered":"http:\/\/ayuntamiento.guineo\/transparencia\/?page_id=78"},"modified":"2022-02-18T15:05:48","modified_gmt":"2022-02-18T19:05:48","slug":"definicion-oaim-oficina-de-acceso-a-la-informacion-municipal","status":"publish","type":"page","link":"https:\/\/ayuntamientopedrobrand.gob.do\/transparencia\/definicion-oaim-oficina-de-acceso-a-la-informacion-municipal\/","title":{"rendered":"Definici\u00f3n OAIM (Oficina de Acceso a la Informaci\u00f3n Municipal)"},"content":{"rendered":"<p>Oficina de Libre Acceso a la Informaci\u00f3n<br \/>\nDefinici\u00f3n OAI (Oficina de Acceso a la Informaci\u00f3n)<br \/>\nLa Oficina de Acceso a la Informaci\u00f3n (OAI), es un mandato de la Ley General de Libre Acceso a la Informaci\u00f3n P\u00fablica Ley 200-04 y el Decreto No. 130-05 que crea el reglamento de dicha ley, con el objetivo de apoyar a entidades y personas tanto p\u00fablicas como privadas mediante las informaciones solicitadas.<\/p>\n<p>Visi\u00f3n<br \/>\nDar sost\u00e9n a los valores de honestidad, integridad, eficiencia, eficacia, calidad y trabajo en equipo del Ministerio de Defensa (MIDE), apoyando as\u00ed los esfuerzos de transparencia institucional.<\/p>\n<p>Misi\u00f3n<br \/>\nGarantizar el acceso de los usuarios a la informaci\u00f3n sobre la gesti\u00f3n del Ministerio de Defensa (MIDE) como una forma de validar la transparencia de la instituci\u00f3n<\/p>\n<p>Definici\u00f3n RAI<br \/>\nEl representante de Acceso a la Informaci\u00f3n, es el responsable de tramitar y facilitar las informaciones requeridas y de ser el canal de comunicaci\u00f3n entre la instituci\u00f3n, ciudadanos y ciudadanas.<\/p>\n<p>Proceso de Solicitud de Informaci\u00f3n:<br \/>\nCompletar el formulario de solicitud de informaci\u00f3n.<br \/>\nSe procede a la revisi\u00f3n de dicho documento con la finalidad de verificar que est\u00e1 debidamente completada(o).<br \/>\nSe hace entrega de acuse de recibo al solicitante.<br \/>\nSeg\u00fan la complejidad de la informaci\u00f3n, se asigna una fecha de entrega. En caso de no ser el Ministerio de Defensa la entidad competente para ofrecer la informaci\u00f3n requerida, dicha solicitud se refiere a la instituci\u00f3n correspondiente y se le informa al solicitante, el curso que ha tomado su solicitud y la instituci\u00f3n destinataria.<br \/>\nSeguimiento de la(s) solicitud(es) hasta confirmar que se ha suministrado la informaci\u00f3n.<\/p>\n","protected":false},"excerpt":{"rendered":"Oficina de Libre Acceso a la Informaci\u00f3n Definici\u00f3n OAI (Oficina de Acceso a la Informaci\u00f3n) La Oficina de Acceso a la Informaci\u00f3n (OAI), es un mandato de la Ley General de Libre Acceso a la Informaci\u00f3n P\u00fablica Ley 200-04 y el Decreto No. 130-05 que crea el reglamento de dicha ley, con el objetivo de&#8230;","protected":false},"author":4,"featured_media":0,"parent":0,"menu_order":0,"comment_status":"closed","ping_status":"closed","template":"","meta":[],"acf":[],"_links":{"self":[{"href":"https:\/\/ayuntamientopedrobrand.gob.do\/transparencia\/wp-json\/wp\/v2\/pages\/78"}],"collection":[{"href":"https:\/\/ayuntamientopedrobrand.gob.do\/transparencia\/wp-json\/wp\/v2\/pages"}],"about":[{"href":"https:\/\/ayuntamientopedrobrand.gob.do\/transparencia\/wp-json\/wp\/v2\/types\/page"}],"author":[{"embeddable":true,"href":"https:\/\/ayuntamientopedrobrand.gob.do\/transparencia\/wp-json\/wp\/v2\/users\/4"}],"replies":[{"embeddable":true,"href":"https:\/\/ayuntamientopedrobrand.gob.do\/transparencia\/wp-json\/wp\/v2\/comments?post=78"}],"version-history":[{"count":5,"href":"https:\/\/ayuntamientopedrobrand.gob.do\/transparencia\/wp-json\/wp\/v2\/pages\/78\/revisions"}],"predecessor-version":[{"id":588,"href":"https:\/\/ayuntamientopedrobrand.gob.do\/transparencia\/wp-json\/wp\/v2\/pages\/78\/revisions\/588"}],"wp:attachment":[{"href":"https:\/\/ayuntamientopedrobrand.gob.do\/transparencia\/wp-json\/wp\/v2\/media?parent=78"}],"curies":[{"name":"wp","href":"https:\/\/api.w.org\/{rel}","templated":true}]}}